{"id":2192,"date":"2023-03-23T18:08:54","date_gmt":"2023-03-23T16:08:54","guid":{"rendered":"https:\/\/horchateria-daniel.es\/tienda\/?post_type=product&#038;p=2192"},"modified":"2025-12-18T18:28:17","modified_gmt":"2025-12-18T16:28:17","slug":"caja-de-navidad-daniel","status":"publish","type":"product","link":"https:\/\/horchateria-daniel.es\/tienda\/product\/caja-de-navidad-daniel\/","title":{"rendered":"Caja de Navidad Daniel"},"content":{"rendered":"","protected":false},"excerpt":{"rendered":"<p>Contiene:<\/p>\n<p>&#8211; Bote de Chocolatinas de Dulce de Chufa.<\/p>\n<p>&#8211; Caja peque\u00f1a de Galletas de Chufa.<\/p>\n<p>&#8211; 2 Tabletas de Turr\u00f3n artesano y tradicional con chufa 100% sabores aleatorios no iguales.<\/p>\n<p>&#8211; Un adorno navide\u00f1o para el \u00e1rbol.<\/p>\n","protected":false},"featured_media":3012,"template":"","meta":{"_monsterinsights_skip_tracking":false,"_monsterinsights_sitenote_active":false,"_monsterinsights_sitenote_note":"","_monsterinsights_sitenote_category":0},"product_brand":[],"product_cat":[59],"product_tag":[],"class_list":{"0":"post-2192","1":"product","2":"type-product","3":"status-publish","4":"has-post-thumbnail","6":"product_cat-productos-temporada","8":"first","9":"instock","10":"taxable","11":"shipping-taxable","12":"purchasable","13":"product-type-simple"},"yoast_head":"<!-- This site is optimized with the Yoast SEO plugin v25.0 - https:\/\/yoast.com\/wordpress\/plugins\/seo\/ -->\n<title>Caja de Navidad Daniel - Horchater\u00eda Daniel<\/title>\n<meta name=\"description\" content=\"Contiene:- Bote de Chocolatinas de Dulce de Chufa.- Caja peque\u00f1a de Galletas de Chufa.- 2 Tabletas de Turr\u00f3n artesano y tradicional con chufa 100% sabores aleatorios no iguales.- Un adorno navide\u00f1o para el \u00e1rbol.\" \/>\n<meta name=\"robots\" content=\"index, follow, max-snippet:-1, max-image-preview:large, max-video-preview:-1\" \/>\n<link rel=\"canonical\" href=\"https:\/\/horchateria-daniel.es\/tienda\/product\/caja-de-navidad-daniel\/\" \/>\n<meta property=\"og:locale\" content=\"es_ES\" \/>\n<meta property=\"og:type\" content=\"article\" \/>\n<meta property=\"og:title\" content=\"Caja de Navidad Daniel - Horchater\u00eda Daniel\" \/>\n<meta property=\"og:description\" content=\"Contiene:- Bote de Chocolatinas de Dulce de Chufa.- Caja peque\u00f1a de Galletas de Chufa.- 2 Tabletas de Turr\u00f3n artesano y tradicional con chufa 100% sabores aleatorios no iguales.- Un adorno navide\u00f1o para el \u00e1rbol.\" \/>\n<meta property=\"og:url\" content=\"https:\/\/horchateria-daniel.es\/tienda\/product\/caja-de-navidad-daniel\/\" \/>\n<meta property=\"og:site_name\" content=\"Horchater\u00eda Daniel\" \/>\n<meta property=\"article:publisher\" content=\"https:\/\/www.facebook.com\/Horchata.Daniel\/\" \/>\n<meta property=\"article:modified_time\" content=\"2025-12-18T16:28:17+00:00\" \/>\n<meta property=\"og:image\" content=\"https:\/\/horchateria-daniel.es\/tienda\/wp-content\/uploads\/2023\/03\/20251204_1136250-e1766075230759.jpg\" \/>\n\t<meta property=\"og:image:width\" content=\"600\" \/>\n\t<meta property=\"og:image:height\" content=\"632\" \/>\n\t<meta property=\"og:image:type\" content=\"image\/jpeg\" \/>\n<meta name=\"twitter:card\" content=\"summary_large_image\" \/>\n<meta name=\"twitter:label1\" content=\"Tiempo de lectura\" \/>\n\t<meta name=\"twitter:data1\" content=\"1 minuto\" \/>\n<script type=\"application\/ld+json\" class=\"yoast-schema-graph\">{\"@context\":\"https:\/\/schema.org\",\"@graph\":[{\"@type\":\"WebPage\",\"@id\":\"https:\/\/horchateria-daniel.es\/tienda\/product\/caja-de-navidad-daniel\/\",\"url\":\"https:\/\/horchateria-daniel.es\/tienda\/product\/caja-de-navidad-daniel\/\",\"name\":\"Caja de Navidad Daniel - Horchater\u00eda Daniel\",\"isPartOf\":{\"@id\":\"https:\/\/horchateria-daniel.es\/tienda\/#website\"},\"primaryImageOfPage\":{\"@id\":\"https:\/\/horchateria-daniel.es\/tienda\/product\/caja-de-navidad-daniel\/#primaryimage\"},\"image\":{\"@id\":\"https:\/\/horchateria-daniel.es\/tienda\/product\/caja-de-navidad-daniel\/#primaryimage\"},\"thumbnailUrl\":\"https:\/\/horchateria-daniel.es\/tienda\/wp-content\/uploads\/2023\/03\/20251204_1136250-e1766075230759.jpg\",\"datePublished\":\"2023-03-23T16:08:54+00:00\",\"dateModified\":\"2025-12-18T16:28:17+00:00\",\"description\":\"Contiene:- Bote de Chocolatinas de Dulce de Chufa.- Caja peque\u00f1a de Galletas de Chufa.- 2 Tabletas de Turr\u00f3n artesano y tradicional con chufa 100% sabores aleatorios no iguales.- Un adorno navide\u00f1o para el \u00e1rbol.\",\"breadcrumb\":{\"@id\":\"https:\/\/horchateria-daniel.es\/tienda\/product\/caja-de-navidad-daniel\/#breadcrumb\"},\"inLanguage\":\"es\",\"potentialAction\":[{\"@type\":\"ReadAction\",\"target\":[\"https:\/\/horchateria-daniel.es\/tienda\/product\/caja-de-navidad-daniel\/\"]}]},{\"@type\":\"ImageObject\",\"inLanguage\":\"es\",\"@id\":\"https:\/\/horchateria-daniel.es\/tienda\/product\/caja-de-navidad-daniel\/#primaryimage\",\"url\":\"https:\/\/horchateria-daniel.es\/tienda\/wp-content\/uploads\/2023\/03\/20251204_1136250-e1766075230759.jpg\",\"contentUrl\":\"https:\/\/horchateria-daniel.es\/tienda\/wp-content\/uploads\/2023\/03\/20251204_1136250-e1766075230759.jpg\",\"width\":600,\"height\":632},{\"@type\":\"BreadcrumbList\",\"@id\":\"https:\/\/horchateria-daniel.es\/tienda\/product\/caja-de-navidad-daniel\/#breadcrumb\",\"itemListElement\":[{\"@type\":\"ListItem\",\"position\":1,\"name\":\"Portada\",\"item\":\"https:\/\/horchateria-daniel.es\/tienda\/\"},{\"@type\":\"ListItem\",\"position\":2,\"name\":\"Tienda\",\"item\":\"https:\/\/horchateria-daniel.es\/tienda\/horchata-y-fartons-artesanos\/\"},{\"@type\":\"ListItem\",\"position\":3,\"name\":\"Caja de Navidad Daniel\"}]},{\"@type\":\"WebSite\",\"@id\":\"https:\/\/horchateria-daniel.es\/tienda\/#website\",\"url\":\"https:\/\/horchateria-daniel.es\/tienda\/\",\"name\":\"Tienda Horchater\u00eda Daniel\",\"description\":\"\",\"publisher\":{\"@id\":\"https:\/\/horchateria-daniel.es\/tienda\/#organization\"},\"potentialAction\":[{\"@type\":\"SearchAction\",\"target\":{\"@type\":\"EntryPoint\",\"urlTemplate\":\"https:\/\/horchateria-daniel.es\/tienda\/?s={search_term_string}\"},\"query-input\":{\"@type\":\"PropertyValueSpecification\",\"valueRequired\":true,\"valueName\":\"search_term_string\"}}],\"inLanguage\":\"es\"},{\"@type\":\"Organization\",\"@id\":\"https:\/\/horchateria-daniel.es\/tienda\/#organization\",\"name\":\"Tienda Horchater\u00eda Daniel\",\"url\":\"https:\/\/horchateria-daniel.es\/tienda\/\",\"logo\":{\"@type\":\"ImageObject\",\"inLanguage\":\"es\",\"@id\":\"https:\/\/horchateria-daniel.es\/tienda\/#\/schema\/logo\/image\/\",\"url\":\"https:\/\/horchateria-daniel.es\/tienda\/wp-content\/uploads\/2023\/03\/favicon.jpg\",\"contentUrl\":\"https:\/\/horchateria-daniel.es\/tienda\/wp-content\/uploads\/2023\/03\/favicon.jpg\",\"width\":512,\"height\":512,\"caption\":\"Tienda Horchater\u00eda Daniel\"},\"image\":{\"@id\":\"https:\/\/horchateria-daniel.es\/tienda\/#\/schema\/logo\/image\/\"},\"sameAs\":[\"https:\/\/www.facebook.com\/Horchata.Daniel\/\",\"https:\/\/www.instagram.com\/horchateria.daniel\/\"]}]}<\/script>\n<!-- \/ Yoast SEO plugin. -->","yoast_head_json":{"title":"Caja de Navidad Daniel - Horchater\u00eda Daniel","description":"Contiene:- Bote de Chocolatinas de Dulce de Chufa.- Caja peque\u00f1a de Galletas de Chufa.- 2 Tabletas de Turr\u00f3n artesano y tradicional con chufa 100% sabores aleatorios no iguales.- Un adorno navide\u00f1o para el \u00e1rbol.","robots":{"index":"index","follow":"follow","max-snippet":"max-snippet:-1","max-image-preview":"max-image-preview:large","max-video-preview":"max-video-preview:-1"},"canonical":"https:\/\/horchateria-daniel.es\/tienda\/product\/caja-de-navidad-daniel\/","og_locale":"es_ES","og_type":"article","og_title":"Caja de Navidad Daniel - Horchater\u00eda Daniel","og_description":"Contiene:- Bote de Chocolatinas de Dulce de Chufa.- Caja peque\u00f1a de Galletas de Chufa.- 2 Tabletas de Turr\u00f3n artesano y tradicional con chufa 100% sabores aleatorios no iguales.- Un adorno navide\u00f1o para el \u00e1rbol.","og_url":"https:\/\/horchateria-daniel.es\/tienda\/product\/caja-de-navidad-daniel\/","og_site_name":"Horchater\u00eda Daniel","article_publisher":"https:\/\/www.facebook.com\/Horchata.Daniel\/","article_modified_time":"2025-12-18T16:28:17+00:00","og_image":[{"width":600,"height":632,"url":"https:\/\/horchateria-daniel.es\/tienda\/wp-content\/uploads\/2023\/03\/20251204_1136250-e1766075230759.jpg","type":"image\/jpeg"}],"twitter_card":"summary_large_image","twitter_misc":{"Tiempo de lectura":"1 minuto"},"schema":{"@context":"https:\/\/schema.org","@graph":[{"@type":"WebPage","@id":"https:\/\/horchateria-daniel.es\/tienda\/product\/caja-de-navidad-daniel\/","url":"https:\/\/horchateria-daniel.es\/tienda\/product\/caja-de-navidad-daniel\/","name":"Caja de Navidad Daniel - Horchater\u00eda Daniel","isPartOf":{"@id":"https:\/\/horchateria-daniel.es\/tienda\/#website"},"primaryImageOfPage":{"@id":"https:\/\/horchateria-daniel.es\/tienda\/product\/caja-de-navidad-daniel\/#primaryimage"},"image":{"@id":"https:\/\/horchateria-daniel.es\/tienda\/product\/caja-de-navidad-daniel\/#primaryimage"},"thumbnailUrl":"https:\/\/horchateria-daniel.es\/tienda\/wp-content\/uploads\/2023\/03\/20251204_1136250-e1766075230759.jpg","datePublished":"2023-03-23T16:08:54+00:00","dateModified":"2025-12-18T16:28:17+00:00","description":"Contiene:- Bote de Chocolatinas de Dulce de Chufa.- Caja peque\u00f1a de Galletas de Chufa.- 2 Tabletas de Turr\u00f3n artesano y tradicional con chufa 100% sabores aleatorios no iguales.- Un adorno navide\u00f1o para el \u00e1rbol.","breadcrumb":{"@id":"https:\/\/horchateria-daniel.es\/tienda\/product\/caja-de-navidad-daniel\/#breadcrumb"},"inLanguage":"es","potentialAction":[{"@type":"ReadAction","target":["https:\/\/horchateria-daniel.es\/tienda\/product\/caja-de-navidad-daniel\/"]}]},{"@type":"ImageObject","inLanguage":"es","@id":"https:\/\/horchateria-daniel.es\/tienda\/product\/caja-de-navidad-daniel\/#primaryimage","url":"https:\/\/horchateria-daniel.es\/tienda\/wp-content\/uploads\/2023\/03\/20251204_1136250-e1766075230759.jpg","contentUrl":"https:\/\/horchateria-daniel.es\/tienda\/wp-content\/uploads\/2023\/03\/20251204_1136250-e1766075230759.jpg","width":600,"height":632},{"@type":"BreadcrumbList","@id":"https:\/\/horchateria-daniel.es\/tienda\/product\/caja-de-navidad-daniel\/#breadcrumb","itemListElement":[{"@type":"ListItem","position":1,"name":"Portada","item":"https:\/\/horchateria-daniel.es\/tienda\/"},{"@type":"ListItem","position":2,"name":"Tienda","item":"https:\/\/horchateria-daniel.es\/tienda\/horchata-y-fartons-artesanos\/"},{"@type":"ListItem","position":3,"name":"Caja de Navidad Daniel"}]},{"@type":"WebSite","@id":"https:\/\/horchateria-daniel.es\/tienda\/#website","url":"https:\/\/horchateria-daniel.es\/tienda\/","name":"Tienda Horchater\u00eda Daniel","description":"","publisher":{"@id":"https:\/\/horchateria-daniel.es\/tienda\/#organization"},"potentialAction":[{"@type":"SearchAction","target":{"@type":"EntryPoint","urlTemplate":"https:\/\/horchateria-daniel.es\/tienda\/?s={search_term_string}"},"query-input":{"@type":"PropertyValueSpecification","valueRequired":true,"valueName":"search_term_string"}}],"inLanguage":"es"},{"@type":"Organization","@id":"https:\/\/horchateria-daniel.es\/tienda\/#organization","name":"Tienda Horchater\u00eda Daniel","url":"https:\/\/horchateria-daniel.es\/tienda\/","logo":{"@type":"ImageObject","inLanguage":"es","@id":"https:\/\/horchateria-daniel.es\/tienda\/#\/schema\/logo\/image\/","url":"https:\/\/horchateria-daniel.es\/tienda\/wp-content\/uploads\/2023\/03\/favicon.jpg","contentUrl":"https:\/\/horchateria-daniel.es\/tienda\/wp-content\/uploads\/2023\/03\/favicon.jpg","width":512,"height":512,"caption":"Tienda Horchater\u00eda Daniel"},"image":{"@id":"https:\/\/horchateria-daniel.es\/tienda\/#\/schema\/logo\/image\/"},"sameAs":["https:\/\/www.facebook.com\/Horchata.Daniel\/","https:\/\/www.instagram.com\/horchateria.daniel\/"]}]}},"_links":{"self":[{"href":"https:\/\/horchateria-daniel.es\/tienda\/wp-json\/wp\/v2\/product\/2192","targetHints":{"allow":["GET"]}}],"collection":[{"href":"https:\/\/horchateria-daniel.es\/tienda\/wp-json\/wp\/v2\/product"}],"about":[{"href":"https:\/\/horchateria-daniel.es\/tienda\/wp-json\/wp\/v2\/types\/product"}],"wp:featuredmedia":[{"embeddable":true,"href":"https:\/\/horchateria-daniel.es\/tienda\/wp-json\/wp\/v2\/media\/3012"}],"wp:attachment":[{"href":"https:\/\/horchateria-daniel.es\/tienda\/wp-json\/wp\/v2\/media?parent=2192"}],"wp:term":[{"taxonomy":"product_brand","embeddable":true,"href":"https:\/\/horchateria-daniel.es\/tienda\/wp-json\/wp\/v2\/product_brand?post=2192"},{"taxonomy":"product_cat","embeddable":true,"href":"https:\/\/horchateria-daniel.es\/tienda\/wp-json\/wp\/v2\/product_cat?post=2192"},{"taxonomy":"product_tag","embeddable":true,"href":"https:\/\/horchateria-daniel.es\/tienda\/wp-json\/wp\/v2\/product_tag?post=2192"}],"curies":[{"name":"wp","href":"https:\/\/api.w.org\/{rel}","templated":true}]}}