{"id":2126,"date":"2023-03-23T17:28:44","date_gmt":"2023-03-23T17:28:44","guid":{"rendered":"https:\/\/horchateria-daniel.es\/tienda\/?post_type=product&#038;p=2126"},"modified":"2024-04-09T11:21:57","modified_gmt":"2024-04-09T09:21:57","slug":"fartons","status":"publish","type":"product","link":"https:\/\/horchateria-daniel.es\/tienda\/product\/fartons\/","title":{"rendered":"Fartons"},"content":{"rendered":"<p><strong>AL\u00c9RGENOS:\u00a0<\/strong>Gluten &#8211; Huevo &#8211; Soja<\/p>\n","protected":false},"excerpt":{"rendered":"<p>El aut\u00e9ntico \u201cFart\u00f3\u201d de Daniel, elaborado artesanalmente cada d\u00eda, no hay otro igual.<br \/>\nEl abuelo Daniel quer\u00eda algo para acompa\u00f1ar la horchata, pero ten\u00eda que tener un tama\u00f1o, una resistencia y algo m\u00e1s, que le permitiera mojar en el vaso, que no se rompiera y que su sabor fuera complementario y atrayente. En un horno llamado \u2018Los Morenos\u2019, encontr\u00f3 lo que buscaba: el Fart\u00f3n. Su nombre significa Glot\u00f3n, ya que se hincha en el vaso bebi\u00e9ndose parte de la horchata. Adem\u00e1s, otro de sus descubrimientos fue la combinaci\u00f3n del fr\u00edo con el caliente, sirviendo la horchata fr\u00eda y el fart\u00f3n caliente, una combinaci\u00f3n perfecta.<\/p>\n","protected":false},"featured_media":2350,"template":"","meta":{"_monsterinsights_skip_tracking":false,"_monsterinsights_sitenote_active":false,"_monsterinsights_sitenote_note":"","_monsterinsights_sitenote_category":0},"product_brand":[],"product_cat":[57],"product_tag":[],"class_list":{"0":"post-2126","1":"product","2":"type-product","3":"status-publish","4":"has-post-thumbnail","6":"product_cat-bolleria-artesana","8":"first","9":"instock","10":"taxable","11":"shipping-taxable","12":"purchasable","13":"product-type-simple"},"yoast_head":"<!-- This site is optimized with the Yoast SEO plugin v25.0 - https:\/\/yoast.com\/wordpress\/plugins\/seo\/ -->\n<title>Fartons - Horchater\u00eda Daniel<\/title>\n<meta name=\"description\" content=\"El aut\u00e9ntico \u201cFart\u00f3n\u201d de Daniel, elaborado artesanalmente cada d\u00eda en nuestro obrador, esponjoso y apetitoso, no hay otro igual.\" \/>\n<meta name=\"robots\" content=\"index, follow, max-snippet:-1, max-image-preview:large, max-video-preview:-1\" \/>\n<link rel=\"canonical\" href=\"https:\/\/horchateria-daniel.es\/tienda\/product\/fartons\/\" \/>\n<meta property=\"og:locale\" content=\"es_ES\" \/>\n<meta property=\"og:type\" content=\"article\" \/>\n<meta property=\"og:title\" content=\"Fartons - Horchater\u00eda Daniel\" \/>\n<meta property=\"og:description\" content=\"El aut\u00e9ntico \u201cFart\u00f3n\u201d de Daniel, elaborado artesanalmente cada d\u00eda en nuestro obrador, esponjoso y apetitoso, no hay otro igual.\" \/>\n<meta property=\"og:url\" content=\"https:\/\/horchateria-daniel.es\/tienda\/product\/fartons\/\" \/>\n<meta property=\"og:site_name\" content=\"Horchater\u00eda Daniel\" \/>\n<meta property=\"article:publisher\" content=\"https:\/\/www.facebook.com\/Horchata.Daniel\/\" \/>\n<meta property=\"article:modified_time\" content=\"2024-04-09T09:21:57+00:00\" \/>\n<meta property=\"og:image\" content=\"https:\/\/horchateria-daniel.es\/tienda\/wp-content\/uploads\/2023\/03\/MG_8234-scaled-e1683107641434.jpg\" \/>\n\t<meta property=\"og:image:width\" content=\"600\" \/>\n\t<meta property=\"og:image:height\" content=\"400\" \/>\n\t<meta property=\"og:image:type\" content=\"image\/jpeg\" \/>\n<meta name=\"twitter:card\" content=\"summary_large_image\" \/>\n<meta name=\"twitter:label1\" content=\"Tiempo de lectura\" \/>\n\t<meta name=\"twitter:data1\" content=\"1 minuto\" \/>\n<script type=\"application\/ld+json\" class=\"yoast-schema-graph\">{\"@context\":\"https:\/\/schema.org\",\"@graph\":[{\"@type\":\"WebPage\",\"@id\":\"https:\/\/horchateria-daniel.es\/tienda\/product\/fartons\/\",\"url\":\"https:\/\/horchateria-daniel.es\/tienda\/product\/fartons\/\",\"name\":\"Fartons - Horchater\u00eda Daniel\",\"isPartOf\":{\"@id\":\"https:\/\/horchateria-daniel.es\/tienda\/#website\"},\"primaryImageOfPage\":{\"@id\":\"https:\/\/horchateria-daniel.es\/tienda\/product\/fartons\/#primaryimage\"},\"image\":{\"@id\":\"https:\/\/horchateria-daniel.es\/tienda\/product\/fartons\/#primaryimage\"},\"thumbnailUrl\":\"https:\/\/horchateria-daniel.es\/tienda\/wp-content\/uploads\/2023\/03\/MG_8234-scaled-e1683107641434.jpg\",\"datePublished\":\"2023-03-23T17:28:44+00:00\",\"dateModified\":\"2024-04-09T09:21:57+00:00\",\"description\":\"El aut\u00e9ntico \u201cFart\u00f3n\u201d de Daniel, elaborado artesanalmente cada d\u00eda en nuestro obrador, esponjoso y apetitoso, no hay otro igual.\",\"breadcrumb\":{\"@id\":\"https:\/\/horchateria-daniel.es\/tienda\/product\/fartons\/#breadcrumb\"},\"inLanguage\":\"es\",\"potentialAction\":[{\"@type\":\"ReadAction\",\"target\":[\"https:\/\/horchateria-daniel.es\/tienda\/product\/fartons\/\"]}]},{\"@type\":\"ImageObject\",\"inLanguage\":\"es\",\"@id\":\"https:\/\/horchateria-daniel.es\/tienda\/product\/fartons\/#primaryimage\",\"url\":\"https:\/\/horchateria-daniel.es\/tienda\/wp-content\/uploads\/2023\/03\/MG_8234-scaled-e1683107641434.jpg\",\"contentUrl\":\"https:\/\/horchateria-daniel.es\/tienda\/wp-content\/uploads\/2023\/03\/MG_8234-scaled-e1683107641434.jpg\",\"width\":600,\"height\":400},{\"@type\":\"BreadcrumbList\",\"@id\":\"https:\/\/horchateria-daniel.es\/tienda\/product\/fartons\/#breadcrumb\",\"itemListElement\":[{\"@type\":\"ListItem\",\"position\":1,\"name\":\"Portada\",\"item\":\"https:\/\/horchateria-daniel.es\/tienda\/\"},{\"@type\":\"ListItem\",\"position\":2,\"name\":\"Tienda\",\"item\":\"https:\/\/horchateria-daniel.es\/tienda\/horchata-y-fartons-artesanos\/\"},{\"@type\":\"ListItem\",\"position\":3,\"name\":\"Fartons\"}]},{\"@type\":\"WebSite\",\"@id\":\"https:\/\/horchateria-daniel.es\/tienda\/#website\",\"url\":\"https:\/\/horchateria-daniel.es\/tienda\/\",\"name\":\"Tienda Horchater\u00eda Daniel\",\"description\":\"\",\"publisher\":{\"@id\":\"https:\/\/horchateria-daniel.es\/tienda\/#organization\"},\"potentialAction\":[{\"@type\":\"SearchAction\",\"target\":{\"@type\":\"EntryPoint\",\"urlTemplate\":\"https:\/\/horchateria-daniel.es\/tienda\/?s={search_term_string}\"},\"query-input\":{\"@type\":\"PropertyValueSpecification\",\"valueRequired\":true,\"valueName\":\"search_term_string\"}}],\"inLanguage\":\"es\"},{\"@type\":\"Organization\",\"@id\":\"https:\/\/horchateria-daniel.es\/tienda\/#organization\",\"name\":\"Tienda Horchater\u00eda Daniel\",\"url\":\"https:\/\/horchateria-daniel.es\/tienda\/\",\"logo\":{\"@type\":\"ImageObject\",\"inLanguage\":\"es\",\"@id\":\"https:\/\/horchateria-daniel.es\/tienda\/#\/schema\/logo\/image\/\",\"url\":\"https:\/\/horchateria-daniel.es\/tienda\/wp-content\/uploads\/2023\/03\/favicon.jpg\",\"contentUrl\":\"https:\/\/horchateria-daniel.es\/tienda\/wp-content\/uploads\/2023\/03\/favicon.jpg\",\"width\":512,\"height\":512,\"caption\":\"Tienda Horchater\u00eda Daniel\"},\"image\":{\"@id\":\"https:\/\/horchateria-daniel.es\/tienda\/#\/schema\/logo\/image\/\"},\"sameAs\":[\"https:\/\/www.facebook.com\/Horchata.Daniel\/\",\"https:\/\/www.instagram.com\/horchateria.daniel\/\"]}]}<\/script>\n<!-- \/ Yoast SEO plugin. -->","yoast_head_json":{"title":"Fartons - Horchater\u00eda Daniel","description":"El aut\u00e9ntico \u201cFart\u00f3n\u201d de Daniel, elaborado artesanalmente cada d\u00eda en nuestro obrador, esponjoso y apetitoso, no hay otro igual.","robots":{"index":"index","follow":"follow","max-snippet":"max-snippet:-1","max-image-preview":"max-image-preview:large","max-video-preview":"max-video-preview:-1"},"canonical":"https:\/\/horchateria-daniel.es\/tienda\/product\/fartons\/","og_locale":"es_ES","og_type":"article","og_title":"Fartons - Horchater\u00eda Daniel","og_description":"El aut\u00e9ntico \u201cFart\u00f3n\u201d de Daniel, elaborado artesanalmente cada d\u00eda en nuestro obrador, esponjoso y apetitoso, no hay otro igual.","og_url":"https:\/\/horchateria-daniel.es\/tienda\/product\/fartons\/","og_site_name":"Horchater\u00eda Daniel","article_publisher":"https:\/\/www.facebook.com\/Horchata.Daniel\/","article_modified_time":"2024-04-09T09:21:57+00:00","og_image":[{"width":600,"height":400,"url":"https:\/\/horchateria-daniel.es\/tienda\/wp-content\/uploads\/2023\/03\/MG_8234-scaled-e1683107641434.jpg","type":"image\/jpeg"}],"twitter_card":"summary_large_image","twitter_misc":{"Tiempo de lectura":"1 minuto"},"schema":{"@context":"https:\/\/schema.org","@graph":[{"@type":"WebPage","@id":"https:\/\/horchateria-daniel.es\/tienda\/product\/fartons\/","url":"https:\/\/horchateria-daniel.es\/tienda\/product\/fartons\/","name":"Fartons - Horchater\u00eda Daniel","isPartOf":{"@id":"https:\/\/horchateria-daniel.es\/tienda\/#website"},"primaryImageOfPage":{"@id":"https:\/\/horchateria-daniel.es\/tienda\/product\/fartons\/#primaryimage"},"image":{"@id":"https:\/\/horchateria-daniel.es\/tienda\/product\/fartons\/#primaryimage"},"thumbnailUrl":"https:\/\/horchateria-daniel.es\/tienda\/wp-content\/uploads\/2023\/03\/MG_8234-scaled-e1683107641434.jpg","datePublished":"2023-03-23T17:28:44+00:00","dateModified":"2024-04-09T09:21:57+00:00","description":"El aut\u00e9ntico \u201cFart\u00f3n\u201d de Daniel, elaborado artesanalmente cada d\u00eda en nuestro obrador, esponjoso y apetitoso, no hay otro igual.","breadcrumb":{"@id":"https:\/\/horchateria-daniel.es\/tienda\/product\/fartons\/#breadcrumb"},"inLanguage":"es","potentialAction":[{"@type":"ReadAction","target":["https:\/\/horchateria-daniel.es\/tienda\/product\/fartons\/"]}]},{"@type":"ImageObject","inLanguage":"es","@id":"https:\/\/horchateria-daniel.es\/tienda\/product\/fartons\/#primaryimage","url":"https:\/\/horchateria-daniel.es\/tienda\/wp-content\/uploads\/2023\/03\/MG_8234-scaled-e1683107641434.jpg","contentUrl":"https:\/\/horchateria-daniel.es\/tienda\/wp-content\/uploads\/2023\/03\/MG_8234-scaled-e1683107641434.jpg","width":600,"height":400},{"@type":"BreadcrumbList","@id":"https:\/\/horchateria-daniel.es\/tienda\/product\/fartons\/#breadcrumb","itemListElement":[{"@type":"ListItem","position":1,"name":"Portada","item":"https:\/\/horchateria-daniel.es\/tienda\/"},{"@type":"ListItem","position":2,"name":"Tienda","item":"https:\/\/horchateria-daniel.es\/tienda\/horchata-y-fartons-artesanos\/"},{"@type":"ListItem","position":3,"name":"Fartons"}]},{"@type":"WebSite","@id":"https:\/\/horchateria-daniel.es\/tienda\/#website","url":"https:\/\/horchateria-daniel.es\/tienda\/","name":"Tienda Horchater\u00eda Daniel","description":"","publisher":{"@id":"https:\/\/horchateria-daniel.es\/tienda\/#organization"},"potentialAction":[{"@type":"SearchAction","target":{"@type":"EntryPoint","urlTemplate":"https:\/\/horchateria-daniel.es\/tienda\/?s={search_term_string}"},"query-input":{"@type":"PropertyValueSpecification","valueRequired":true,"valueName":"search_term_string"}}],"inLanguage":"es"},{"@type":"Organization","@id":"https:\/\/horchateria-daniel.es\/tienda\/#organization","name":"Tienda Horchater\u00eda Daniel","url":"https:\/\/horchateria-daniel.es\/tienda\/","logo":{"@type":"ImageObject","inLanguage":"es","@id":"https:\/\/horchateria-daniel.es\/tienda\/#\/schema\/logo\/image\/","url":"https:\/\/horchateria-daniel.es\/tienda\/wp-content\/uploads\/2023\/03\/favicon.jpg","contentUrl":"https:\/\/horchateria-daniel.es\/tienda\/wp-content\/uploads\/2023\/03\/favicon.jpg","width":512,"height":512,"caption":"Tienda Horchater\u00eda Daniel"},"image":{"@id":"https:\/\/horchateria-daniel.es\/tienda\/#\/schema\/logo\/image\/"},"sameAs":["https:\/\/www.facebook.com\/Horchata.Daniel\/","https:\/\/www.instagram.com\/horchateria.daniel\/"]}]}},"_links":{"self":[{"href":"https:\/\/horchateria-daniel.es\/tienda\/wp-json\/wp\/v2\/product\/2126","targetHints":{"allow":["GET"]}}],"collection":[{"href":"https:\/\/horchateria-daniel.es\/tienda\/wp-json\/wp\/v2\/product"}],"about":[{"href":"https:\/\/horchateria-daniel.es\/tienda\/wp-json\/wp\/v2\/types\/product"}],"wp:featuredmedia":[{"embeddable":true,"href":"https:\/\/horchateria-daniel.es\/tienda\/wp-json\/wp\/v2\/media\/2350"}],"wp:attachment":[{"href":"https:\/\/horchateria-daniel.es\/tienda\/wp-json\/wp\/v2\/media?parent=2126"}],"wp:term":[{"taxonomy":"product_brand","embeddable":true,"href":"https:\/\/horchateria-daniel.es\/tienda\/wp-json\/wp\/v2\/product_brand?post=2126"},{"taxonomy":"product_cat","embeddable":true,"href":"https:\/\/horchateria-daniel.es\/tienda\/wp-json\/wp\/v2\/product_cat?post=2126"},{"taxonomy":"product_tag","embeddable":true,"href":"https:\/\/horchateria-daniel.es\/tienda\/wp-json\/wp\/v2\/product_tag?post=2126"}],"curies":[{"name":"wp","href":"https:\/\/api.w.org\/{rel}","templated":true}]}}