{"id":3,"date":"2023-03-04T19:58:53","date_gmt":"2023-03-04T19:58:53","guid":{"rendered":"https:\/\/horchateria-daniel.es\/tienda\/?page_id=3"},"modified":"2023-03-22T12:24:20","modified_gmt":"2023-03-22T12:24:20","slug":"politica-privacidad","status":"publish","type":"page","link":"https:\/\/horchateria-daniel.es\/tienda\/politica-privacidad\/","title":{"rendered":"Pol\u00edtica de privacidad"},"content":{"rendered":"<p>En cumplimiento con la normativa legal vigente en materia de protecci\u00f3n de datos de car\u00e1cter personal, se informa al usuario que sus datos ser\u00e1n tratados por HORCHATER\u00cdA DANIEL, S.L. (en adelante HORCHATER\u00cdA DANIEL) y CIF B46339453, con la finalidad de atender su solicitud y de posibilitar la gesti\u00f3n de la relaci\u00f3n y contacto con Usted.<\/p>\n<h3 class=\"page-subheading\">\u00bfQui\u00e9n es el responsable del tratamiento?<\/h3>\n<p>HORCHATER\u00cdA DANIEL, S.L.\u00a0con domicilio en Avenida de la Horchata, 41, 46120 Alboraya, (Valencia), Espa\u00f1a y CIF B46339453. Direcci\u00f3n de correo electr\u00f3nico de contacto: <a href=\"mailto:marketing@horchateria-daniel.es\">marketing@horchateria-daniel.es<\/a><\/p>\n<h3 class=\"page-subheading\">\u00bfPara qu\u00e9 y por qu\u00e9 utilizamos sus datos personales?<\/h3>\n<p>Utilizamos sus datos para proporcionarle la informaci\u00f3n que solicite, gestionar el contrato de compraventa, realizar la facturaci\u00f3n de los productos adquiridos y mantener la relaci\u00f3n comercial.<\/p>\n<p>El derecho de desistimiento no ser\u00e1 aplicable a los contratos que se refieran a:<\/p>\n<p>\u00b7Enviarle publicidad por cualquier medio (postal, e-mail o tel\u00e9fono) sobre productos, promociones y eventos relacionados con las actividades propias de las empresa y sus participadas.<\/p>\n<p>\u00b7Comunicar sus datos personales a las empresas participadas para que sean estas las que le remitan publicidad conforme a lo ya indicado.<\/p>\n<h3 class=\"page-subheading\">\u00bfPor qu\u00e9 utilizamos sus datos personales?<\/h3>\n<p>La base legal para el tratamiento de sus datos de naturaleza contractual es la ejecuci\u00f3n del contrato y una obligaci\u00f3n legal. <\/p>\n<p>La base legal que nos permite enviarle publicidad y ceder sus datos con esta misma finalidad a otras empresas es su consentimiento.<\/p>\n<h3 class=\"page-subheading\">\u00bfDurante cu\u00e1nto tiempo conservamos sus datos?<\/h3>\n<p>Los datos ser\u00e1n conservados mientras se mantenga la relaci\u00f3n comercial y durante el tiempo necesario para cumplir con las obligaciones legales derivadas del tratamiento. Una vez finalicen los plazos de prescripci\u00f3n legal, destruiremos sus datos.<\/p>\n<h3 class=\"page-subheading\">\u00bfA qui\u00e9n comunicaremos sus datos?<\/h3>\n<p>Sus datos no se ceder\u00e1n a terceros salvo obligaci\u00f3n legal o que usted as\u00ed lo haya autorizado. Por otra parte, le informamos que\u00a0HORCHATER\u00cdA DANIEL colabora con terceras empresas externas proveedores de servicios, que realizar\u00e1n funciones auxiliares como, por ejemplo, servicios de log\u00edstica, proveedores de servicios inform\u00e1ticos o de telecomunicaciones, procesamiento de pagos o la personalizaci\u00f3n de productos. Los terceros que prestan cualquiera de estos servicios est\u00e1n autorizados a utilizar sus datos s\u00f3lo en relaci\u00f3n con los servicios contratados.<\/p>\n<h3 class=\"page-subheading\">\u00bfCu\u00e1les son sus derechos cu\u00e1ndo nos facilita sus datos?<\/h3>\n<p>\u00b7Derecho a solicitar el acceso a los datos personales y conocer por tanto sobre si en HORCHATER\u00cdA DANIEL\u00a0estamos tratando datos personales que le conciernan o no.<\/p>\n<p>\u00b7Derecho a solicitar la rectificaci\u00f3n de sus datos.<\/p>\n<p>\u00b7Derecho a solicitar la supresi\u00f3n de sus datos, siempre que hayan finalizado los plazos de prescripci\u00f3n legal.<\/p>\n<p>\u00b7Derecho a solicitar limitaci\u00f3n del tratamiento en determinadas circunstancias, en cuyo caso HORCHATER\u00cdA DANIEL\u00a0\u00fanicamente los conservar\u00e1 para el ejercicio o defensa de reclamaciones.<\/p>\n<p>\u00b7Derecho a oponerse al tratamiento de sus datos cuando las circunstancias y motivos relacionados con su situaci\u00f3n particular as\u00ed lo justifiquen. En este caso, dejar\u00e1 de tratar sus datos salvo por motivos leg\u00edtimos imperiosos o el ejercicio o defensa de posibles reclamaciones.<\/p>\n<p>\u00b7Derecho a la portabilidad de los datos a un nuevo responsable.<\/p>\n<p>Le recordamos, adem\u00e1s, que usted puede retirar el consentimiento otorgado para cualquier finalidad en cualquier momento. <\/p>\n<p>Podr\u00e1 ejercitar sus derechos enviando una comunicaci\u00f3n escrita, acompa\u00f1ada de fotocopia del DNI o documento acreditativo de su identidad al domicilio social de HORCHATER\u00cdA DANIEL\u00a0anteriormente indicado o a trav\u00e9s de la siguiente direcci\u00f3n de correo electr\u00f3nico: <a href=\"mailto:marketing@horchateria-daniel.es\">marketing@horchateria-daniel.es<\/a><br \/>Por \u00faltimo, le indicamos que, cuando no haya obtenido satisfacci\u00f3n en el ejercicio de sus derechos, usted tiene derecho a interponer una reclamaci\u00f3n ante la autoridad de protecci\u00f3n de datos que corresponda, y que en el caso de Espa\u00f1a se tratar\u00e1 de la Agencia Espa\u00f1ola de Protecci\u00f3n de Datos.<\/p>\n<h3 class=\"page-subheading\">\u00bfQu\u00e9 hacemos para garantizar la seguridad y confidencialidad de sus datos?<\/h3>\n<p>En HORCHATER\u00cdA DANIEL\u00a0hemos revisado todos nuestros procedimientos para cumplir con el Reglamento Europeo de Protecci\u00f3n de Datos. Hemos adoptado las medidas t\u00e9cnicas y organizativas necesarias para salvaguardar la seguridad de sus datos y evitar la alteraci\u00f3n, p\u00e9rdida, tratamiento o uso no autorizado de sus datos de car\u00e1cter personal. <\/p>\n<p>Adem\u00e1s, en HORCHATER\u00cdA DANIEL\u00a0limitamos el acceso a sus datos a aquellos empleados dentro de nuestra organizaci\u00f3n que lo necesitan por razones de negocio. Hemos adoptado una pol\u00edtica de privacidad interna y hemos instruido a nuestros empleados en relaci\u00f3n con la misma. <\/p>\n<p>Tambi\u00e9n exigimos que los terceros que nos prestan servicios y puedan tener acceso a sus datos, compartan nuestro compromiso con el mantenimiento de su privacidad y el cumplimiento con los requisitos de confidencialidad de HORCHATER\u00cdA DANIEL\u00a0.<\/p>\n","protected":false},"excerpt":{"rendered":"<p>En cumplimiento con la normativa legal vigente en materia de protecci\u00f3n de datos de car\u00e1cter personal, se informa al usuario que sus datos ser\u00e1n tratados por HORCHATER\u00cdA DANIEL, S.L. (en adelante HORCHATER\u00cdA DANIEL) y CIF B46339453, con la finalidad de atender su solicitud y de posibilitar la gesti\u00f3n de la [&hellip;]<\/p>\n","protected":false},"author":1,"featured_media":0,"parent":0,"menu_order":0,"comment_status":"closed","ping_status":"open","template":"","meta":{"_monsterinsights_skip_tracking":false,"_monsterinsights_sitenote_active":false,"_monsterinsights_sitenote_note":"","_monsterinsights_sitenote_category":0,"footnotes":""},"class_list":["post-3","page","type-page","status-publish","hentry"],"yoast_head":"<!-- This site is optimized with the Yoast SEO plugin v25.0 - https:\/\/yoast.com\/wordpress\/plugins\/seo\/ -->\n<title>Pol\u00edtica de privacidad - Horchater\u00eda Daniel<\/title>\n<meta name=\"robots\" content=\"index, follow, max-snippet:-1, max-image-preview:large, max-video-preview:-1\" \/>\n<link rel=\"canonical\" href=\"https:\/\/horchateria-daniel.es\/tienda\/politica-privacidad\/\" \/>\n<meta property=\"og:locale\" content=\"es_ES\" \/>\n<meta property=\"og:type\" content=\"article\" \/>\n<meta property=\"og:title\" content=\"Pol\u00edtica de privacidad - Horchater\u00eda Daniel\" \/>\n<meta property=\"og:description\" content=\"En cumplimiento con la normativa legal vigente en materia de protecci\u00f3n de datos de car\u00e1cter personal, se informa al usuario que sus datos ser\u00e1n tratados por HORCHATER\u00cdA DANIEL, S.L. (en adelante HORCHATER\u00cdA DANIEL) y CIF B46339453, con la finalidad de atender su solicitud y de posibilitar la gesti\u00f3n de la [&hellip;]\" \/>\n<meta property=\"og:url\" content=\"https:\/\/horchateria-daniel.es\/tienda\/politica-privacidad\/\" \/>\n<meta property=\"og:site_name\" content=\"Horchater\u00eda Daniel\" \/>\n<meta property=\"article:publisher\" content=\"https:\/\/www.facebook.com\/Horchata.Daniel\/\" \/>\n<meta property=\"article:modified_time\" content=\"2023-03-22T12:24:20+00:00\" \/>\n<meta name=\"twitter:card\" content=\"summary_large_image\" \/>\n<meta name=\"twitter:label1\" content=\"Tiempo de lectura\" \/>\n\t<meta name=\"twitter:data1\" content=\"4 minutos\" \/>\n<script type=\"application\/ld+json\" class=\"yoast-schema-graph\">{\"@context\":\"https:\/\/schema.org\",\"@graph\":[{\"@type\":\"WebPage\",\"@id\":\"https:\/\/horchateria-daniel.es\/tienda\/politica-privacidad\/\",\"url\":\"https:\/\/horchateria-daniel.es\/tienda\/politica-privacidad\/\",\"name\":\"Pol\u00edtica de privacidad - Horchater\u00eda Daniel\",\"isPartOf\":{\"@id\":\"https:\/\/horchateria-daniel.es\/tienda\/#website\"},\"datePublished\":\"2023-03-04T19:58:53+00:00\",\"dateModified\":\"2023-03-22T12:24:20+00:00\",\"breadcrumb\":{\"@id\":\"https:\/\/horchateria-daniel.es\/tienda\/politica-privacidad\/#breadcrumb\"},\"inLanguage\":\"es\",\"potentialAction\":[{\"@type\":\"ReadAction\",\"target\":[\"https:\/\/horchateria-daniel.es\/tienda\/politica-privacidad\/\"]}]},{\"@type\":\"BreadcrumbList\",\"@id\":\"https:\/\/horchateria-daniel.es\/tienda\/politica-privacidad\/#breadcrumb\",\"itemListElement\":[{\"@type\":\"ListItem\",\"position\":1,\"name\":\"Portada\",\"item\":\"https:\/\/horchateria-daniel.es\/tienda\/\"},{\"@type\":\"ListItem\",\"position\":2,\"name\":\"Pol\u00edtica de privacidad\"}]},{\"@type\":\"WebSite\",\"@id\":\"https:\/\/horchateria-daniel.es\/tienda\/#website\",\"url\":\"https:\/\/horchateria-daniel.es\/tienda\/\",\"name\":\"Tienda Horchater\u00eda Daniel\",\"description\":\"\",\"publisher\":{\"@id\":\"https:\/\/horchateria-daniel.es\/tienda\/#organization\"},\"potentialAction\":[{\"@type\":\"SearchAction\",\"target\":{\"@type\":\"EntryPoint\",\"urlTemplate\":\"https:\/\/horchateria-daniel.es\/tienda\/?s={search_term_string}\"},\"query-input\":{\"@type\":\"PropertyValueSpecification\",\"valueRequired\":true,\"valueName\":\"search_term_string\"}}],\"inLanguage\":\"es\"},{\"@type\":\"Organization\",\"@id\":\"https:\/\/horchateria-daniel.es\/tienda\/#organization\",\"name\":\"Tienda Horchater\u00eda Daniel\",\"url\":\"https:\/\/horchateria-daniel.es\/tienda\/\",\"logo\":{\"@type\":\"ImageObject\",\"inLanguage\":\"es\",\"@id\":\"https:\/\/horchateria-daniel.es\/tienda\/#\/schema\/logo\/image\/\",\"url\":\"https:\/\/horchateria-daniel.es\/tienda\/wp-content\/uploads\/2023\/03\/favicon.jpg\",\"contentUrl\":\"https:\/\/horchateria-daniel.es\/tienda\/wp-content\/uploads\/2023\/03\/favicon.jpg\",\"width\":512,\"height\":512,\"caption\":\"Tienda Horchater\u00eda Daniel\"},\"image\":{\"@id\":\"https:\/\/horchateria-daniel.es\/tienda\/#\/schema\/logo\/image\/\"},\"sameAs\":[\"https:\/\/www.facebook.com\/Horchata.Daniel\/\",\"https:\/\/www.instagram.com\/horchateria.daniel\/\"]}]}<\/script>\n<!-- \/ Yoast SEO plugin. -->","yoast_head_json":{"title":"Pol\u00edtica de privacidad - Horchater\u00eda Daniel","robots":{"index":"index","follow":"follow","max-snippet":"max-snippet:-1","max-image-preview":"max-image-preview:large","max-video-preview":"max-video-preview:-1"},"canonical":"https:\/\/horchateria-daniel.es\/tienda\/politica-privacidad\/","og_locale":"es_ES","og_type":"article","og_title":"Pol\u00edtica de privacidad - Horchater\u00eda Daniel","og_description":"En cumplimiento con la normativa legal vigente en materia de protecci\u00f3n de datos de car\u00e1cter personal, se informa al usuario que sus datos ser\u00e1n tratados por HORCHATER\u00cdA DANIEL, S.L. (en adelante HORCHATER\u00cdA DANIEL) y CIF B46339453, con la finalidad de atender su solicitud y de posibilitar la gesti\u00f3n de la [&hellip;]","og_url":"https:\/\/horchateria-daniel.es\/tienda\/politica-privacidad\/","og_site_name":"Horchater\u00eda Daniel","article_publisher":"https:\/\/www.facebook.com\/Horchata.Daniel\/","article_modified_time":"2023-03-22T12:24:20+00:00","twitter_card":"summary_large_image","twitter_misc":{"Tiempo de lectura":"4 minutos"},"schema":{"@context":"https:\/\/schema.org","@graph":[{"@type":"WebPage","@id":"https:\/\/horchateria-daniel.es\/tienda\/politica-privacidad\/","url":"https:\/\/horchateria-daniel.es\/tienda\/politica-privacidad\/","name":"Pol\u00edtica de privacidad - Horchater\u00eda Daniel","isPartOf":{"@id":"https:\/\/horchateria-daniel.es\/tienda\/#website"},"datePublished":"2023-03-04T19:58:53+00:00","dateModified":"2023-03-22T12:24:20+00:00","breadcrumb":{"@id":"https:\/\/horchateria-daniel.es\/tienda\/politica-privacidad\/#breadcrumb"},"inLanguage":"es","potentialAction":[{"@type":"ReadAction","target":["https:\/\/horchateria-daniel.es\/tienda\/politica-privacidad\/"]}]},{"@type":"BreadcrumbList","@id":"https:\/\/horchateria-daniel.es\/tienda\/politica-privacidad\/#breadcrumb","itemListElement":[{"@type":"ListItem","position":1,"name":"Portada","item":"https:\/\/horchateria-daniel.es\/tienda\/"},{"@type":"ListItem","position":2,"name":"Pol\u00edtica de privacidad"}]},{"@type":"WebSite","@id":"https:\/\/horchateria-daniel.es\/tienda\/#website","url":"https:\/\/horchateria-daniel.es\/tienda\/","name":"Tienda Horchater\u00eda Daniel","description":"","publisher":{"@id":"https:\/\/horchateria-daniel.es\/tienda\/#organization"},"potentialAction":[{"@type":"SearchAction","target":{"@type":"EntryPoint","urlTemplate":"https:\/\/horchateria-daniel.es\/tienda\/?s={search_term_string}"},"query-input":{"@type":"PropertyValueSpecification","valueRequired":true,"valueName":"search_term_string"}}],"inLanguage":"es"},{"@type":"Organization","@id":"https:\/\/horchateria-daniel.es\/tienda\/#organization","name":"Tienda Horchater\u00eda Daniel","url":"https:\/\/horchateria-daniel.es\/tienda\/","logo":{"@type":"ImageObject","inLanguage":"es","@id":"https:\/\/horchateria-daniel.es\/tienda\/#\/schema\/logo\/image\/","url":"https:\/\/horchateria-daniel.es\/tienda\/wp-content\/uploads\/2023\/03\/favicon.jpg","contentUrl":"https:\/\/horchateria-daniel.es\/tienda\/wp-content\/uploads\/2023\/03\/favicon.jpg","width":512,"height":512,"caption":"Tienda Horchater\u00eda Daniel"},"image":{"@id":"https:\/\/horchateria-daniel.es\/tienda\/#\/schema\/logo\/image\/"},"sameAs":["https:\/\/www.facebook.com\/Horchata.Daniel\/","https:\/\/www.instagram.com\/horchateria.daniel\/"]}]}},"_links":{"self":[{"href":"https:\/\/horchateria-daniel.es\/tienda\/wp-json\/wp\/v2\/pages\/3","targetHints":{"allow":["GET"]}}],"collection":[{"href":"https:\/\/horchateria-daniel.es\/tienda\/wp-json\/wp\/v2\/pages"}],"about":[{"href":"https:\/\/horchateria-daniel.es\/tienda\/wp-json\/wp\/v2\/types\/page"}],"author":[{"embeddable":true,"href":"https:\/\/horchateria-daniel.es\/tienda\/wp-json\/wp\/v2\/users\/1"}],"replies":[{"embeddable":true,"href":"https:\/\/horchateria-daniel.es\/tienda\/wp-json\/wp\/v2\/comments?post=3"}],"version-history":[{"count":1,"href":"https:\/\/horchateria-daniel.es\/tienda\/wp-json\/wp\/v2\/pages\/3\/revisions"}],"predecessor-version":[{"id":2080,"href":"https:\/\/horchateria-daniel.es\/tienda\/wp-json\/wp\/v2\/pages\/3\/revisions\/2080"}],"wp:attachment":[{"href":"https:\/\/horchateria-daniel.es\/tienda\/wp-json\/wp\/v2\/media?parent=3"}],"curies":[{"name":"wp","href":"https:\/\/api.w.org\/{rel}","templated":true}]}}