{"id":2090,"date":"2023-03-22T12:33:12","date_gmt":"2023-03-22T12:33:12","guid":{"rendered":"https:\/\/horchateria-daniel.es\/tienda\/?page_id=2090"},"modified":"2023-03-22T12:33:55","modified_gmt":"2023-03-22T12:33:55","slug":"metodos-de-pago-y-envios","status":"publish","type":"page","link":"https:\/\/horchateria-daniel.es\/tienda\/metodos-de-pago-y-envios\/","title":{"rendered":"M\u00e9todos de pago y env\u00edos"},"content":{"rendered":"<p><strong>\u00bfC\u00f3mo puedo pagar mi pedido?<\/strong><\/p>\n<p>\u00b7Tarjeta de d\u00e9bito\/cr\u00e9dito.<\/p>\n<p>Pagar con tarjeta bancaria es 100% seguro, ya que en el momento de introducir los datos de la tarjeta te redirigimos a la web del banco, donde introducir\u00e1s los datos de la tarjeta y realizar\u00e1s el pago (en ning\u00fan caso tenemos acceso a los datos de tu tarjeta durante el proceso de pago). Una vez finalizado el pago, recibir\u00e1s un e-mail de confirmaci\u00f3n del pago.<\/p>\n<p><strong>\u00bfRecibir\u00e9 confirmaci\u00f3n una vez realizado el pedido?<\/strong><\/p>\n<p>Cuando realices un pedido recibir\u00e1s un e-mail con todos los datos de tu pedido.<\/p>\n<p>Podremos retener el reembolso hasta haber recibido los bienes, o hasta que usted haya presentado una prueba de la devoluci\u00f3n de los mismos, seg\u00fan qu\u00e9 condici\u00f3n se cumpla primero.<\/p>\n<p><strong>\u00bfC\u00f3mo puedo recibir una factura?<\/strong><\/p>\n<p>Si quieres recibir la factura correspondiente a uno de tus pedidos, puedes ponerte en contacto con nosotros a trav\u00e9s de los diferentes canales de atenci\u00f3n al cliente.<\/p>\n<p><strong>\u00bfTengo que pagar gastos de env\u00edo?<\/strong><\/p>\n<p>Los gastos de env\u00edo para Espa\u00f1a Peninsular, var\u00edan en funci\u00f3n del peso y el destino y nos comprometemos a enviarlo en la fecha m\u00e1xima especificada para cada producto. Cuando accedas a la p\u00e1gina del carrito de compras podr\u00e1s conocer con exactitud el importe exacto de los gastos de env\u00edo.<\/p>\n<p>Para los env\u00edos a cualquier otro destino cons\u00faltanos antes en el +34 960 662 991 o por email: <a href=\"mailto:marketing@horchateria-daniel.es\">marketing@horchateria-daniel.es<\/a><\/p>\n","protected":false},"excerpt":{"rendered":"<p>\u00bfC\u00f3mo puedo pagar mi pedido? \u00b7Tarjeta de d\u00e9bito\/cr\u00e9dito. Pagar con tarjeta bancaria es 100% seguro, ya que en el momento de introducir los datos de la tarjeta te redirigimos a la web del banco, donde introducir\u00e1s los datos de la tarjeta y realizar\u00e1s el pago (en ning\u00fan caso tenemos acceso [&hellip;]<\/p>\n","protected":false},"author":1,"featured_media":0,"parent":0,"menu_order":0,"comment_status":"closed","ping_status":"open","template":"","meta":{"_monsterinsights_skip_tracking":false,"_monsterinsights_sitenote_active":false,"_monsterinsights_sitenote_note":"","_monsterinsights_sitenote_category":0,"footnotes":""},"class_list":["post-2090","page","type-page","status-publish","hentry"],"yoast_head":"<!-- This site is optimized with the Yoast SEO plugin v25.0 - https:\/\/yoast.com\/wordpress\/plugins\/seo\/ -->\n<title>M\u00e9todos de pago y env\u00edos - Horchater\u00eda Daniel<\/title>\n<meta name=\"robots\" content=\"index, follow, max-snippet:-1, max-image-preview:large, max-video-preview:-1\" \/>\n<link rel=\"canonical\" href=\"https:\/\/horchateria-daniel.es\/tienda\/metodos-de-pago-y-envios\/\" \/>\n<meta property=\"og:locale\" content=\"es_ES\" \/>\n<meta property=\"og:type\" content=\"article\" \/>\n<meta property=\"og:title\" content=\"M\u00e9todos de pago y env\u00edos - Horchater\u00eda Daniel\" \/>\n<meta property=\"og:description\" content=\"\u00bfC\u00f3mo puedo pagar mi pedido? \u00b7Tarjeta de d\u00e9bito\/cr\u00e9dito. Pagar con tarjeta bancaria es 100% seguro, ya que en el momento de introducir los datos de la tarjeta te redirigimos a la web del banco, donde introducir\u00e1s los datos de la tarjeta y realizar\u00e1s el pago (en ning\u00fan caso tenemos acceso [&hellip;]\" \/>\n<meta property=\"og:url\" content=\"https:\/\/horchateria-daniel.es\/tienda\/metodos-de-pago-y-envios\/\" \/>\n<meta property=\"og:site_name\" content=\"Horchater\u00eda Daniel\" \/>\n<meta property=\"article:publisher\" content=\"https:\/\/www.facebook.com\/Horchata.Daniel\/\" \/>\n<meta property=\"article:modified_time\" content=\"2023-03-22T12:33:55+00:00\" \/>\n<meta name=\"twitter:card\" content=\"summary_large_image\" \/>\n<meta name=\"twitter:label1\" content=\"Tiempo de lectura\" \/>\n\t<meta name=\"twitter:data1\" content=\"1 minuto\" \/>\n<script type=\"application\/ld+json\" class=\"yoast-schema-graph\">{\"@context\":\"https:\/\/schema.org\",\"@graph\":[{\"@type\":\"WebPage\",\"@id\":\"https:\/\/horchateria-daniel.es\/tienda\/metodos-de-pago-y-envios\/\",\"url\":\"https:\/\/horchateria-daniel.es\/tienda\/metodos-de-pago-y-envios\/\",\"name\":\"M\u00e9todos de pago y env\u00edos - Horchater\u00eda Daniel\",\"isPartOf\":{\"@id\":\"https:\/\/horchateria-daniel.es\/tienda\/#website\"},\"datePublished\":\"2023-03-22T12:33:12+00:00\",\"dateModified\":\"2023-03-22T12:33:55+00:00\",\"breadcrumb\":{\"@id\":\"https:\/\/horchateria-daniel.es\/tienda\/metodos-de-pago-y-envios\/#breadcrumb\"},\"inLanguage\":\"es\",\"potentialAction\":[{\"@type\":\"ReadAction\",\"target\":[\"https:\/\/horchateria-daniel.es\/tienda\/metodos-de-pago-y-envios\/\"]}]},{\"@type\":\"BreadcrumbList\",\"@id\":\"https:\/\/horchateria-daniel.es\/tienda\/metodos-de-pago-y-envios\/#breadcrumb\",\"itemListElement\":[{\"@type\":\"ListItem\",\"position\":1,\"name\":\"Portada\",\"item\":\"https:\/\/horchateria-daniel.es\/tienda\/\"},{\"@type\":\"ListItem\",\"position\":2,\"name\":\"M\u00e9todos de pago y env\u00edos\"}]},{\"@type\":\"WebSite\",\"@id\":\"https:\/\/horchateria-daniel.es\/tienda\/#website\",\"url\":\"https:\/\/horchateria-daniel.es\/tienda\/\",\"name\":\"Tienda Horchater\u00eda Daniel\",\"description\":\"\",\"publisher\":{\"@id\":\"https:\/\/horchateria-daniel.es\/tienda\/#organization\"},\"potentialAction\":[{\"@type\":\"SearchAction\",\"target\":{\"@type\":\"EntryPoint\",\"urlTemplate\":\"https:\/\/horchateria-daniel.es\/tienda\/?s={search_term_string}\"},\"query-input\":{\"@type\":\"PropertyValueSpecification\",\"valueRequired\":true,\"valueName\":\"search_term_string\"}}],\"inLanguage\":\"es\"},{\"@type\":\"Organization\",\"@id\":\"https:\/\/horchateria-daniel.es\/tienda\/#organization\",\"name\":\"Tienda Horchater\u00eda Daniel\",\"url\":\"https:\/\/horchateria-daniel.es\/tienda\/\",\"logo\":{\"@type\":\"ImageObject\",\"inLanguage\":\"es\",\"@id\":\"https:\/\/horchateria-daniel.es\/tienda\/#\/schema\/logo\/image\/\",\"url\":\"https:\/\/horchateria-daniel.es\/tienda\/wp-content\/uploads\/2023\/03\/favicon.jpg\",\"contentUrl\":\"https:\/\/horchateria-daniel.es\/tienda\/wp-content\/uploads\/2023\/03\/favicon.jpg\",\"width\":512,\"height\":512,\"caption\":\"Tienda Horchater\u00eda Daniel\"},\"image\":{\"@id\":\"https:\/\/horchateria-daniel.es\/tienda\/#\/schema\/logo\/image\/\"},\"sameAs\":[\"https:\/\/www.facebook.com\/Horchata.Daniel\/\",\"https:\/\/www.instagram.com\/horchateria.daniel\/\"]}]}<\/script>\n<!-- \/ Yoast SEO plugin. -->","yoast_head_json":{"title":"M\u00e9todos de pago y env\u00edos - Horchater\u00eda Daniel","robots":{"index":"index","follow":"follow","max-snippet":"max-snippet:-1","max-image-preview":"max-image-preview:large","max-video-preview":"max-video-preview:-1"},"canonical":"https:\/\/horchateria-daniel.es\/tienda\/metodos-de-pago-y-envios\/","og_locale":"es_ES","og_type":"article","og_title":"M\u00e9todos de pago y env\u00edos - Horchater\u00eda Daniel","og_description":"\u00bfC\u00f3mo puedo pagar mi pedido? \u00b7Tarjeta de d\u00e9bito\/cr\u00e9dito. Pagar con tarjeta bancaria es 100% seguro, ya que en el momento de introducir los datos de la tarjeta te redirigimos a la web del banco, donde introducir\u00e1s los datos de la tarjeta y realizar\u00e1s el pago (en ning\u00fan caso tenemos acceso [&hellip;]","og_url":"https:\/\/horchateria-daniel.es\/tienda\/metodos-de-pago-y-envios\/","og_site_name":"Horchater\u00eda Daniel","article_publisher":"https:\/\/www.facebook.com\/Horchata.Daniel\/","article_modified_time":"2023-03-22T12:33:55+00:00","twitter_card":"summary_large_image","twitter_misc":{"Tiempo de lectura":"1 minuto"},"schema":{"@context":"https:\/\/schema.org","@graph":[{"@type":"WebPage","@id":"https:\/\/horchateria-daniel.es\/tienda\/metodos-de-pago-y-envios\/","url":"https:\/\/horchateria-daniel.es\/tienda\/metodos-de-pago-y-envios\/","name":"M\u00e9todos de pago y env\u00edos - Horchater\u00eda Daniel","isPartOf":{"@id":"https:\/\/horchateria-daniel.es\/tienda\/#website"},"datePublished":"2023-03-22T12:33:12+00:00","dateModified":"2023-03-22T12:33:55+00:00","breadcrumb":{"@id":"https:\/\/horchateria-daniel.es\/tienda\/metodos-de-pago-y-envios\/#breadcrumb"},"inLanguage":"es","potentialAction":[{"@type":"ReadAction","target":["https:\/\/horchateria-daniel.es\/tienda\/metodos-de-pago-y-envios\/"]}]},{"@type":"BreadcrumbList","@id":"https:\/\/horchateria-daniel.es\/tienda\/metodos-de-pago-y-envios\/#breadcrumb","itemListElement":[{"@type":"ListItem","position":1,"name":"Portada","item":"https:\/\/horchateria-daniel.es\/tienda\/"},{"@type":"ListItem","position":2,"name":"M\u00e9todos de pago y env\u00edos"}]},{"@type":"WebSite","@id":"https:\/\/horchateria-daniel.es\/tienda\/#website","url":"https:\/\/horchateria-daniel.es\/tienda\/","name":"Tienda Horchater\u00eda Daniel","description":"","publisher":{"@id":"https:\/\/horchateria-daniel.es\/tienda\/#organization"},"potentialAction":[{"@type":"SearchAction","target":{"@type":"EntryPoint","urlTemplate":"https:\/\/horchateria-daniel.es\/tienda\/?s={search_term_string}"},"query-input":{"@type":"PropertyValueSpecification","valueRequired":true,"valueName":"search_term_string"}}],"inLanguage":"es"},{"@type":"Organization","@id":"https:\/\/horchateria-daniel.es\/tienda\/#organization","name":"Tienda Horchater\u00eda Daniel","url":"https:\/\/horchateria-daniel.es\/tienda\/","logo":{"@type":"ImageObject","inLanguage":"es","@id":"https:\/\/horchateria-daniel.es\/tienda\/#\/schema\/logo\/image\/","url":"https:\/\/horchateria-daniel.es\/tienda\/wp-content\/uploads\/2023\/03\/favicon.jpg","contentUrl":"https:\/\/horchateria-daniel.es\/tienda\/wp-content\/uploads\/2023\/03\/favicon.jpg","width":512,"height":512,"caption":"Tienda Horchater\u00eda Daniel"},"image":{"@id":"https:\/\/horchateria-daniel.es\/tienda\/#\/schema\/logo\/image\/"},"sameAs":["https:\/\/www.facebook.com\/Horchata.Daniel\/","https:\/\/www.instagram.com\/horchateria.daniel\/"]}]}},"_links":{"self":[{"href":"https:\/\/horchateria-daniel.es\/tienda\/wp-json\/wp\/v2\/pages\/2090","targetHints":{"allow":["GET"]}}],"collection":[{"href":"https:\/\/horchateria-daniel.es\/tienda\/wp-json\/wp\/v2\/pages"}],"about":[{"href":"https:\/\/horchateria-daniel.es\/tienda\/wp-json\/wp\/v2\/types\/page"}],"author":[{"embeddable":true,"href":"https:\/\/horchateria-daniel.es\/tienda\/wp-json\/wp\/v2\/users\/1"}],"replies":[{"embeddable":true,"href":"https:\/\/horchateria-daniel.es\/tienda\/wp-json\/wp\/v2\/comments?post=2090"}],"version-history":[{"count":3,"href":"https:\/\/horchateria-daniel.es\/tienda\/wp-json\/wp\/v2\/pages\/2090\/revisions"}],"predecessor-version":[{"id":2093,"href":"https:\/\/horchateria-daniel.es\/tienda\/wp-json\/wp\/v2\/pages\/2090\/revisions\/2093"}],"wp:attachment":[{"href":"https:\/\/horchateria-daniel.es\/tienda\/wp-json\/wp\/v2\/media?parent=2090"}],"curies":[{"name":"wp","href":"https:\/\/api.w.org\/{rel}","templated":true}]}}