{"id":2085,"date":"2023-03-22T12:28:27","date_gmt":"2023-03-22T12:28:27","guid":{"rendered":"https:\/\/horchateria-daniel.es\/tienda\/?page_id=2085"},"modified":"2023-11-27T13:47:51","modified_gmt":"2023-11-27T11:47:51","slug":"condiciones-de-compra","status":"publish","type":"page","link":"https:\/\/horchateria-daniel.es\/tienda\/condiciones-de-compra\/","title":{"rendered":"Condiciones de compra"},"content":{"rendered":"<h2 class=\"page-subheading\">1.1 T\u00c9RMINOS Y CONDICIONES GENERALES DE ACCESO Y USO DE LA P\u00c1GINA WEB<\/h2>\n<p>El titular del presente sitio web, pone a disposici\u00f3n de los usuarios, el presente documento con el que pretende dar cumplimiento a las obligaciones dispuestas en la Ley 34\/2002, de Servicios de la Sociedad de la Informaci\u00f3n y del Comercio Electr\u00f3nico (LSSI-CE), as\u00ed como informar a todos los usuarios del sitio web respecto a cu\u00e1les son las condiciones de uso del sitio web.<\/p>\n<p>El PRESTADOR es: HORCHATERIA DANIEL S.L., con domicilio social en Av. de l&#8217;Orxata, 41, 46120 Alboraia, Valencia. Para mayor informaci\u00f3n puede contactarnos a trav\u00e9s del n\u00famero de tel\u00e9fono (+34) 961 85 88 66, o bien a trav\u00e9s de la siguiente direcci\u00f3n de correo electr\u00f3nico <a href=\"mailto:marketing@horchateria-daniel.es\">marketing@horchateria-daniel.es<\/a><\/p>\n<p>HORCHATERIA DANIEL S.L., est\u00e1 inscrita en el Registro Mercantil de Val\u00e8ncia, Tomo 1886, Libro 193, Folio 14, Secci\u00f3n 3, Hoja V-12241, Inscripci\u00f3n 1, con C.I.F. n\u00famero B46339453 .<\/p>\n<h3 class=\"page-subheading\">1.1.1 Acceso y usuarios<\/h3>\n<p>El acceso al sitio web https:\/\/horchateria-daniel.tienda atribuye a quien lo realiza la condici\u00f3n de USUARIO, y expresa la aceptaci\u00f3n plena y sin reservas por parte del USUARIO de todas y cada una de las presentes CONDICIONES DE USO.<\/p>\n<p>La prestaci\u00f3n del servicio del Portal tiene car\u00e1cter gratuito. Ello no obstante, EL PRESTADOR se reserva la posibilidad de condicionar el acceso a algunos servicios al previo registro del USUARIO mediante la cumplimentaci\u00f3n del Formulario de Alta de Usuario, que se encuentra a disposici\u00f3n de quien desee registrarse como USUARIO REGISTRADO.<\/p>\n<p>En especial deber\u00e1 tenerse en cuenta lo anterior, cuando vayan a realizarse compras a trav\u00e9s del sitio web.<\/p>\n<p>Cuando sea necesario que el USUARIO se registre como USUARIO REGISTRADO o aporte datos personales para poder acceder a alguno de los servicios espec\u00edficos, la recogida y tratamiento de los datos personales de los USUARIOS ser\u00e1 de aplicaci\u00f3n lo dispuesto en el cap\u00edtulo sobre Protecci\u00f3n de datos de car\u00e1cter personal.<\/p>\n<h3 class=\"page-subheading\">1.1.3 Contenido<\/h3>\n<p>EL PRESTADOR garantiza que todos los contenidos y servicios que se ofrecen en el sitio web respetan el principio de dignidad de la persona, el principio de no-discriminaci\u00f3n por motivos de raza, sexo, religi\u00f3n, opini\u00f3n, nacionalidad, discapacidad o cualquier otra circunstancia personal y social, as\u00ed como el principio de protecci\u00f3n de la juventud y de la infancia.<\/p>\n<h3 class=\"page-subheading\">1.1.4 Condiciones de uso<\/h3>\n<p>El USUARIO se compromete a realizar un buen uso de los contenidos y servicios del web, que nunca podr\u00e1n ser utilizados para actividades il\u00edcitas o que puedan ser contrarias al orden p\u00fablico, la defensa nacional o la salud p\u00fablica. Cualquier utilizaci\u00f3n por parte del USUARIO de los contenidos y servicios habr\u00e1 de respetar los principios indicados en el p\u00e1rrafo anterior.<\/p>\n<p>El USUARIO est\u00e1 expresamente autorizado para visualizar toda la informaci\u00f3n contenida en el sitio web, as\u00ed como para efectuar reproducciones privadas de la misma en sus sistemas inform\u00e1ticos, siempre y cuando dichos contenidos sean para su uso exclusivo y no sean posteriormente cedidos a terceros.<\/p>\n<h3 class=\"page-subheading\">1.1.5 Propiedad intelectual e industrial<\/h3>\n<p>Los derechos de propiedad intelectual e industrial contenidos en el sitio web, su dise\u00f1o gr\u00e1fico y c\u00f3digos inform\u00e1ticos, as\u00ed como los nombres comerciales, marcas y signos distintivos son titularidad de EL PRESTADOR, salvo que en las mismas se indique que pertenecen a otro titular.<\/p>\n<p>Cualquier reproducci\u00f3n, distribuci\u00f3n, comercializaci\u00f3n o transformaci\u00f3n de los contenidos que no haya sido expresamente autorizada por sus titulares, constituye una infracci\u00f3n de los derechos de propiedad intelectual e industrial protegidos por la Ley.<\/p>\n<p>EL PRESTADOR podr\u00e1 ejercer todas las acciones administrativas, civiles o penales que le correspondan en caso de infracci\u00f3n de estos derechos por parte del USUARIO.<\/p>\n<h3 class=\"page-subheading\">1.1.6 Exclusi\u00f3n de garant\u00edas y responsabilidades<\/h3>\n<p>El acceso y la utilizaci\u00f3n del sitio web, se realizar\u00e1n bajo la \u00fanica y exclusiva responsabilidad del USUARIO.<\/p>\n<p>EL PRESTADOR no se responsabiliza de la exactitud, veracidad y vigencia de las informaciones que no sean de elaboraci\u00f3n propia y cuyos contenidos pertenezcan a fuentes de informaci\u00f3n de terceros ajenos a ella. Al respecto, EL PRESTADOR s\u00f3lo responder\u00e1 de los servicios propios y contenidos directamente originados por ella e identificados con su Copyright como una marca o propiedad intelectual o industrial de EL PRESTADOR.<\/p>\n<p>Desde el sitio web es posible que se redirija a contenidos de terceros sitios web. Dado que EL PRESTADOR no puede controlar siempre los contenidos introducidos por los terceros en sus sitios web, \u00e9ste no asume ning\u00fan tipo de responsabilidad respecto a dichos contenidos. En todo caso, EL PRESTADOR manifiesta que proceder\u00e1 a la retirada inmediata de cualquier contenido que pudiera contravenir la legislaci\u00f3n nacional o internacional, la moral o el orden p\u00fablico, procediendo a la retirada inmediata de la redirecci\u00f3n a dicho sitio web, poniendo en conocimiento de las autoridades competentes el contenido en cuesti\u00f3n.<\/p>\n<p>EL PRESTADOR no se hace responsable de la informaci\u00f3n y contenidos almacenados, a t\u00edtulo enunciativo pero no limitativo, en foros, chat\u2019s, generadores de blogs, comentarios, redes sociales o cualesquiera otro medio que permita a terceros publicar contenidos de forma independiente en la p\u00e1gina web del PRESTADOR. No obstante y en cumplimiento de lo dispuesto en el art. 11 y 16 de la LSSI-CE, EL PRESATDOR se pone a disposici\u00f3n de todos los usuarios, autoridades y fuerzas de seguridad, y colaborando de forma activa en la retirada o en su caso bloqueo de todos aquellos contenidos que pudieran afectar o contravenir la legislaci\u00f3n nacional, o internacional, derechos de terceros o la moral y el orden p\u00fablico. En caso de que EL USUARIO considere que existe en el sitio web alg\u00fan contenido que pudiera ser susceptible de esta clasificaci\u00f3n, se ruega lo notifique de forma inmediata al administrador del sitio web.<\/p>\n<p>Este sitio web ha sido revisado y probado para que funcione correctamente. En principio, puede garantizarse el correcto funcionamiento los 365 d\u00edas del a\u00f1o, 24 horas al d\u00eda. No obstante, EL PRESTADOR no descarta la posibilidad de que existan ciertos errores de programaci\u00f3n, o que acontezcan causas de fuerza mayor, cat\u00e1strofes naturales, huelgas, o circunstancias semejantes que hagan imposible el acceso a la p\u00e1gina web. Por otro lado, el cat\u00e1logo de productos puede incluir errores involuntarios o typos, en tal caso, EL PRESTADOR se reserva el derecho de cancelar el pedido, devolviendo el importe del pedido realizado por EL USUARIO.<\/p>\n<h3 class=\"page-subheading\">1.1.7 Productos<\/h3>\n<p>Todos los productos mencionados en este sitio web est\u00e1n sujetos a la disponibilidad existente en cada momento y a la discreci\u00f3n del PRESTADOR. La informaci\u00f3n que el PRESTADOR publica en este sitio web, puede contener referencias a productos del PRESTADOR o de sus proveedores comerciales que no est\u00e9n disponibles en el pa\u00eds desde el cual el USUARIO accede al sitio web.<\/p>\n<p>Dichas referencias no implican que el PRESTADOR o sus proveedores est\u00e9n anunciando dichos productos o servicios en el pa\u00eds en cuesti\u00f3n.<\/p>\n<p>Si en alg\u00fan momento tiene problemas para acceder a alguna parte de nuestro sitio web, puede deberse al modelo o versi\u00f3n de su navegaci\u00f3n o a la configuraci\u00f3n de sus opciones<\/p>\n<h3 class=\"page-subheading\">1.1.8 Traducciones<\/h3>\n<p>Toda la informaci\u00f3n y documentaci\u00f3n disponible en las versiones en otros idiomas de la presente p\u00e1gina web se proporciona \u00fanicamente a efectos informativos. En caso de discrepancia entre el contenido de dichas versiones y el de la versi\u00f3n original en espa\u00f1ol prevalecer\u00e1 el de esta \u00faltima.<\/p>\n<h3 class=\"page-subheading\">1.1.9 Jurisdicci\u00f3n y legislaci\u00f3n aplicable<\/h3>\n<p>Las presentes Condiciones de Uso se regir\u00e1n por lo dispuesto en la legislaci\u00f3n espa\u00f1ola.<\/p>\n<p>En el caso de que se produzca cualquier discrepancia o controversia con motivo de la interpretaci\u00f3n o la aplicaci\u00f3n de las presentes Condiciones de Uso o del contenido de la p\u00e1gina web, en general, EL PRESTADOR y el USUARIO, con renuncia expresa a cualquier otro fuero que pudiera corresponderles, se someten a la jurisdicci\u00f3n de los Juzgados y Tribunales del domicilio del USUARIO. En el supuesto de que el USUARIO tenga su domicilio fuera de Espa\u00f1a, EL PRESTADOR y el USUARIO, con renuncia expresa a cualquier otro fuero que pudiera corresponderles, se someten a la jurisdicci\u00f3n de los Juzgados y Tribunales de Val\u00e8ncia.<\/p>\n<p>Ley 7\/1998, de 13 de abril, sobre Condiciones Generales de Contrataci\u00f3n<\/p>\n<p>Ley 26\/1984, de 19 de julio, Ley General para la Defensa de Consumidores y Usuarios.<\/p>\n<p>ELey Org\u00e1nica 15\/1999, de 13 de diciembre, de Protecci\u00f3n de Datos de Car\u00e1cter Personal y sus reglamentos<\/p>\n<p>Ley 34\/2002 de 11 de julio, de Servicios de la Sociedad de la Informaci\u00f3n y de Comercio Electr\u00f3nico.<\/p>\n<h2 class=\"page-subheading\">1.2 SEGURIDAD Y PROTECCI\u00d3N DE DATOS DE CAR\u00c1CTER PERSONAL<\/h2>\n<h3 class=\"page-subheading\">1.2.1 Nivel de Seguridad<\/h3>\n<p>EL PRESTADOR ha adoptado los niveles de seguridad requeridos por el Reglamento de Medidas de Seguridad aprobado por el Real Decreto 1720\/2007, de 21 de diciembre. No obstante lo anterior, la seguridad t\u00e9cnica en un medio como Internet no es inexpugnable y pueden existir filtraciones por actuaciones dolosas de terceros.<\/p>\n<h3 class=\"page-subheading\">1.2.2 Protecci\u00f3n de datos personales<\/h3>\n<p>EL PRESTADOR garantiza la seguridad y confidencialidad de los datos de car\u00e1cter personal que se facilitan como USUARIO del sitio, cumpliendo con lo dispuesto en la Ley Org\u00e1nica 15\/1999, de 13 de Diciembre, de Protecci\u00f3n de Datos de Car\u00e1cter Personal.<\/p>\n<p>La recogida y tratamiento de los datos personales tiene como \u00fanica finalidad, salvo que se indique otra cosa en los formularios del sitio web donde se recaben los datos del USUARIO, la gesti\u00f3n de la informaci\u00f3n suministrada en las consultas o la adquisici\u00f3n de productos o servicios, que el USUARIO realice a EL PRESTADOR a trav\u00e9s del sitio web, posibilitar el cumplimiento de los servicios solicitados, facturaci\u00f3n, env\u00edo de pedidos as\u00ed como para cumplir las obligaciones legales.<\/p>\n<p>Los datos que se soliciten al USUARIO en los formularios del sitio web tendr\u00e1n car\u00e1cter obligatorio salvo que se indique lo contrario en el formulario correspondiente. En el caso de que el USUARIO no facilite los datos solicitados con car\u00e1cter obligatorio, EL PRESTADOR, no podr\u00e1 tramitar el formulario de que se trate.<\/p>\n<p>Los datos obtenidos est\u00e1n sujetos a las medidas de seguridad y pol\u00edtica de privacidad aprobadas por EL PRESTADOR de acuerdo con la normativa vigente en cada momento.<\/p>\n<p>En caso de que en la solicitud deban incluirse datos de car\u00e1cter personal, referentes a personas f\u00edsicas distintas de la que la efect\u00faa, el usuario deber\u00e1, con car\u00e1cter previo a su inclusi\u00f3n, informarles del contenido de la presente cl\u00e1usula, de acuerdo con lo establecido en el art\u00edculo 5.4 de la Ley Org\u00e1nica 15\/1999, de Protecci\u00f3n de Datos de Car\u00e1cter Personal.<\/p>\n<p>Resoluci\u00f3n de litigios en l\u00ednea conforme al Art. 14.1 del Reglamento (UE) 524\/2013: La Comisi\u00f3n Europea facilita una plataforma de resoluci\u00f3n de litigios en l\u00ednea, la cual se encuentra disponible en el siguiente enlace: http:\/\/ec.europa.eu\/consumers\/odr\/<\/p>\n<h3 class=\"page-subheading\">1.2.3 Ejercicio de derechos A.R.C.O.<\/h3>\n<p>Seg\u00fan lo dispuesto en la Ley Org\u00e1nica de Protecci\u00f3n de Datos de Car\u00e1cter Personal (LO 15\/1999), el USUARIO podr\u00e1 ejercer en todo momento los derechos de acceso, rectificaci\u00f3n, oposici\u00f3n y cancelaci\u00f3n de sus datos personales, dirigiendo un escrito, adjuntando copia de tu DNI o Pasaporte, por los medios previstos en el Real Decreto 1720\/2007, de 21 de diciembre, por el que se aprueba el Reglamento de desarrollo de la Ley Org\u00e1nica 15\/1999, de 13 de diciembre, de protecci\u00f3n de datos de car\u00e1cter personal.<\/p>\n<h3 class=\"page-subheading\">1.2.4 Consentimiento para la utilizaci\u00f3n de medios electr\u00f3nicos en la comunicaci\u00f3n con los clientes y usuarios<\/h3>\n<p>Con el fin de garantizar que todas las comunicaciones comerciales dirigidas a los clientes cumplen con la legislaci\u00f3n vigente y en cumplimiento de la Ley 34\/2002 de Servicios de la Sociedad de la Informaci\u00f3n y de Comercio Electr\u00f3nico, le informamos que EL PRESTADOR podr\u00e1 enviarle por medios electr\u00f3nicos informaci\u00f3n acerca de productos y servicios propios o de terceros, si as\u00ed lo ha autorizado expresamente al facilitarnos sus datos.<\/p>\n<p>En cualquier momento podr\u00e1 revocar esta autorizaci\u00f3n en la direcci\u00f3n <a href=\"mailto:marketing@horchateria-daniel.es\">marketing@horchateria-daniel.es<\/a>, as\u00ed como a trav\u00e9s del enlace habilitado a este efecto en las comunicaciones comerciales que reciba.<\/p>\n<h3 class=\"page-subheading\">1.2.5 Medidas de seguridad<\/h3>\n<p>El acceso a las p\u00e1ginas transaccionales a trav\u00e9s de las que el USUARIO contrata los productos o servicios del PRESTADOR se realiza en un entorno seguro. Para constatar que se encuentra en la p\u00e1gina web de nuestra Compa\u00f1\u00eda compruebe que en la l\u00ednea superior de estado aparece la palabra EL PRESTADOR. Asimismo, puede asegurarse que se halla dentro de un entorno seguro por la direcci\u00f3n \u201curl\u201d que figura en propiedades (al pulsar el bot\u00f3n derecho del rat\u00f3n). Dicha direcci\u00f3n \u201curl\u201d comienza por \u201chttps\u201d, donde la \u201cs\u201d identifica que los contenidos est\u00e1n siendo ofrecidos por un servidor seguro.<\/p>\n<h3 class=\"page-subheading\">1.2.6 Enlaces<\/h3>\n<p>En el caso de que las p\u00e1ginas del sitio horchateria-daniel.tienda proporcionen enlaces a otros sitios web o a contenidos que son propiedad de terceros, con el \u00fanico objeto de proporcionar al USUARIO la posibilidad de complementar la informaci\u00f3n a trav\u00e9s de dichos enlaces. EL PRESTADOR no se responsabiliza en ning\u00fan caso de los resultados que puedan derivarse al USUARIO por acceso a dichos enlaces.<\/p>\n<p>El USUARIO, y en general cualquier persona f\u00edsica o jur\u00eddica que se proponga establecer cualquier dispositivo t\u00e9cnico de enlace desde su sitio web al sitio web, deber\u00e1 obtener autorizaci\u00f3n previa y por escrito del PRESTADOR. El establecimiento del enlace no implica en ning\u00fan caso la existencia de relaciones entre EL PRESTADOR y el propietario del sitio en el que se establezca el enlace, ni la aceptaci\u00f3n o aprobaci\u00f3n por parte del PRESTADOR de sus contenidos o servicios.<\/p>\n","protected":false},"excerpt":{"rendered":"<p>1.1 T\u00c9RMINOS Y CONDICIONES GENERALES DE ACCESO Y USO DE LA P\u00c1GINA WEB El titular del presente sitio web, pone a disposici\u00f3n de los usuarios, el presente documento con el que pretende dar cumplimiento a las obligaciones dispuestas en la Ley 34\/2002, de Servicios de la Sociedad de la Informaci\u00f3n [&hellip;]<\/p>\n","protected":false},"author":1,"featured_media":0,"parent":0,"menu_order":0,"comment_status":"closed","ping_status":"open","template":"","meta":{"_monsterinsights_skip_tracking":false,"_monsterinsights_sitenote_active":false,"_monsterinsights_sitenote_note":"","_monsterinsights_sitenote_category":0,"footnotes":""},"class_list":["post-2085","page","type-page","status-publish","hentry"],"yoast_head":"<!-- This site is optimized with the Yoast SEO plugin v25.0 - https:\/\/yoast.com\/wordpress\/plugins\/seo\/ -->\n<title>Condiciones de compra - Horchater\u00eda Daniel<\/title>\n<meta name=\"robots\" content=\"index, follow, max-snippet:-1, max-image-preview:large, max-video-preview:-1\" \/>\n<link rel=\"canonical\" href=\"https:\/\/horchateria-daniel.es\/tienda\/condiciones-de-compra\/\" \/>\n<meta property=\"og:locale\" content=\"es_ES\" \/>\n<meta property=\"og:type\" content=\"article\" \/>\n<meta property=\"og:title\" content=\"Condiciones de compra - Horchater\u00eda Daniel\" \/>\n<meta property=\"og:description\" content=\"1.1 T\u00c9RMINOS Y CONDICIONES GENERALES DE ACCESO Y USO DE LA P\u00c1GINA WEB El titular del presente sitio web, pone a disposici\u00f3n de los usuarios, el presente documento con el que pretende dar cumplimiento a las obligaciones dispuestas en la Ley 34\/2002, de Servicios de la Sociedad de la Informaci\u00f3n [&hellip;]\" \/>\n<meta property=\"og:url\" content=\"https:\/\/horchateria-daniel.es\/tienda\/condiciones-de-compra\/\" \/>\n<meta property=\"og:site_name\" content=\"Horchater\u00eda Daniel\" \/>\n<meta property=\"article:publisher\" content=\"https:\/\/www.facebook.com\/Horchata.Daniel\/\" \/>\n<meta property=\"article:modified_time\" content=\"2023-11-27T11:47:51+00:00\" \/>\n<meta name=\"twitter:card\" content=\"summary_large_image\" \/>\n<meta name=\"twitter:label1\" content=\"Tiempo de lectura\" \/>\n\t<meta name=\"twitter:data1\" content=\"10 minutos\" \/>\n<script type=\"application\/ld+json\" class=\"yoast-schema-graph\">{\"@context\":\"https:\/\/schema.org\",\"@graph\":[{\"@type\":\"WebPage\",\"@id\":\"https:\/\/horchateria-daniel.es\/tienda\/condiciones-de-compra\/\",\"url\":\"https:\/\/horchateria-daniel.es\/tienda\/condiciones-de-compra\/\",\"name\":\"Condiciones de compra - Horchater\u00eda Daniel\",\"isPartOf\":{\"@id\":\"https:\/\/horchateria-daniel.es\/tienda\/#website\"},\"datePublished\":\"2023-03-22T12:28:27+00:00\",\"dateModified\":\"2023-11-27T11:47:51+00:00\",\"breadcrumb\":{\"@id\":\"https:\/\/horchateria-daniel.es\/tienda\/condiciones-de-compra\/#breadcrumb\"},\"inLanguage\":\"es\",\"potentialAction\":[{\"@type\":\"ReadAction\",\"target\":[\"https:\/\/horchateria-daniel.es\/tienda\/condiciones-de-compra\/\"]}]},{\"@type\":\"BreadcrumbList\",\"@id\":\"https:\/\/horchateria-daniel.es\/tienda\/condiciones-de-compra\/#breadcrumb\",\"itemListElement\":[{\"@type\":\"ListItem\",\"position\":1,\"name\":\"Portada\",\"item\":\"https:\/\/horchateria-daniel.es\/tienda\/\"},{\"@type\":\"ListItem\",\"position\":2,\"name\":\"Condiciones de compra\"}]},{\"@type\":\"WebSite\",\"@id\":\"https:\/\/horchateria-daniel.es\/tienda\/#website\",\"url\":\"https:\/\/horchateria-daniel.es\/tienda\/\",\"name\":\"Tienda Horchater\u00eda Daniel\",\"description\":\"\",\"publisher\":{\"@id\":\"https:\/\/horchateria-daniel.es\/tienda\/#organization\"},\"potentialAction\":[{\"@type\":\"SearchAction\",\"target\":{\"@type\":\"EntryPoint\",\"urlTemplate\":\"https:\/\/horchateria-daniel.es\/tienda\/?s={search_term_string}\"},\"query-input\":{\"@type\":\"PropertyValueSpecification\",\"valueRequired\":true,\"valueName\":\"search_term_string\"}}],\"inLanguage\":\"es\"},{\"@type\":\"Organization\",\"@id\":\"https:\/\/horchateria-daniel.es\/tienda\/#organization\",\"name\":\"Tienda Horchater\u00eda Daniel\",\"url\":\"https:\/\/horchateria-daniel.es\/tienda\/\",\"logo\":{\"@type\":\"ImageObject\",\"inLanguage\":\"es\",\"@id\":\"https:\/\/horchateria-daniel.es\/tienda\/#\/schema\/logo\/image\/\",\"url\":\"https:\/\/horchateria-daniel.es\/tienda\/wp-content\/uploads\/2023\/03\/favicon.jpg\",\"contentUrl\":\"https:\/\/horchateria-daniel.es\/tienda\/wp-content\/uploads\/2023\/03\/favicon.jpg\",\"width\":512,\"height\":512,\"caption\":\"Tienda Horchater\u00eda Daniel\"},\"image\":{\"@id\":\"https:\/\/horchateria-daniel.es\/tienda\/#\/schema\/logo\/image\/\"},\"sameAs\":[\"https:\/\/www.facebook.com\/Horchata.Daniel\/\",\"https:\/\/www.instagram.com\/horchateria.daniel\/\"]}]}<\/script>\n<!-- \/ Yoast SEO plugin. -->","yoast_head_json":{"title":"Condiciones de compra - Horchater\u00eda Daniel","robots":{"index":"index","follow":"follow","max-snippet":"max-snippet:-1","max-image-preview":"max-image-preview:large","max-video-preview":"max-video-preview:-1"},"canonical":"https:\/\/horchateria-daniel.es\/tienda\/condiciones-de-compra\/","og_locale":"es_ES","og_type":"article","og_title":"Condiciones de compra - Horchater\u00eda Daniel","og_description":"1.1 T\u00c9RMINOS Y CONDICIONES GENERALES DE ACCESO Y USO DE LA P\u00c1GINA WEB El titular del presente sitio web, pone a disposici\u00f3n de los usuarios, el presente documento con el que pretende dar cumplimiento a las obligaciones dispuestas en la Ley 34\/2002, de Servicios de la Sociedad de la Informaci\u00f3n [&hellip;]","og_url":"https:\/\/horchateria-daniel.es\/tienda\/condiciones-de-compra\/","og_site_name":"Horchater\u00eda Daniel","article_publisher":"https:\/\/www.facebook.com\/Horchata.Daniel\/","article_modified_time":"2023-11-27T11:47:51+00:00","twitter_card":"summary_large_image","twitter_misc":{"Tiempo de lectura":"10 minutos"},"schema":{"@context":"https:\/\/schema.org","@graph":[{"@type":"WebPage","@id":"https:\/\/horchateria-daniel.es\/tienda\/condiciones-de-compra\/","url":"https:\/\/horchateria-daniel.es\/tienda\/condiciones-de-compra\/","name":"Condiciones de compra - Horchater\u00eda Daniel","isPartOf":{"@id":"https:\/\/horchateria-daniel.es\/tienda\/#website"},"datePublished":"2023-03-22T12:28:27+00:00","dateModified":"2023-11-27T11:47:51+00:00","breadcrumb":{"@id":"https:\/\/horchateria-daniel.es\/tienda\/condiciones-de-compra\/#breadcrumb"},"inLanguage":"es","potentialAction":[{"@type":"ReadAction","target":["https:\/\/horchateria-daniel.es\/tienda\/condiciones-de-compra\/"]}]},{"@type":"BreadcrumbList","@id":"https:\/\/horchateria-daniel.es\/tienda\/condiciones-de-compra\/#breadcrumb","itemListElement":[{"@type":"ListItem","position":1,"name":"Portada","item":"https:\/\/horchateria-daniel.es\/tienda\/"},{"@type":"ListItem","position":2,"name":"Condiciones de compra"}]},{"@type":"WebSite","@id":"https:\/\/horchateria-daniel.es\/tienda\/#website","url":"https:\/\/horchateria-daniel.es\/tienda\/","name":"Tienda Horchater\u00eda Daniel","description":"","publisher":{"@id":"https:\/\/horchateria-daniel.es\/tienda\/#organization"},"potentialAction":[{"@type":"SearchAction","target":{"@type":"EntryPoint","urlTemplate":"https:\/\/horchateria-daniel.es\/tienda\/?s={search_term_string}"},"query-input":{"@type":"PropertyValueSpecification","valueRequired":true,"valueName":"search_term_string"}}],"inLanguage":"es"},{"@type":"Organization","@id":"https:\/\/horchateria-daniel.es\/tienda\/#organization","name":"Tienda Horchater\u00eda Daniel","url":"https:\/\/horchateria-daniel.es\/tienda\/","logo":{"@type":"ImageObject","inLanguage":"es","@id":"https:\/\/horchateria-daniel.es\/tienda\/#\/schema\/logo\/image\/","url":"https:\/\/horchateria-daniel.es\/tienda\/wp-content\/uploads\/2023\/03\/favicon.jpg","contentUrl":"https:\/\/horchateria-daniel.es\/tienda\/wp-content\/uploads\/2023\/03\/favicon.jpg","width":512,"height":512,"caption":"Tienda Horchater\u00eda Daniel"},"image":{"@id":"https:\/\/horchateria-daniel.es\/tienda\/#\/schema\/logo\/image\/"},"sameAs":["https:\/\/www.facebook.com\/Horchata.Daniel\/","https:\/\/www.instagram.com\/horchateria.daniel\/"]}]}},"_links":{"self":[{"href":"https:\/\/horchateria-daniel.es\/tienda\/wp-json\/wp\/v2\/pages\/2085","targetHints":{"allow":["GET"]}}],"collection":[{"href":"https:\/\/horchateria-daniel.es\/tienda\/wp-json\/wp\/v2\/pages"}],"about":[{"href":"https:\/\/horchateria-daniel.es\/tienda\/wp-json\/wp\/v2\/types\/page"}],"author":[{"embeddable":true,"href":"https:\/\/horchateria-daniel.es\/tienda\/wp-json\/wp\/v2\/users\/1"}],"replies":[{"embeddable":true,"href":"https:\/\/horchateria-daniel.es\/tienda\/wp-json\/wp\/v2\/comments?post=2085"}],"version-history":[{"count":7,"href":"https:\/\/horchateria-daniel.es\/tienda\/wp-json\/wp\/v2\/pages\/2085\/revisions"}],"predecessor-version":[{"id":2979,"href":"https:\/\/horchateria-daniel.es\/tienda\/wp-json\/wp\/v2\/pages\/2085\/revisions\/2979"}],"wp:attachment":[{"href":"https:\/\/horchateria-daniel.es\/tienda\/wp-json\/wp\/v2\/media?parent=2085"}],"curies":[{"name":"wp","href":"https:\/\/api.w.org\/{rel}","templated":true}]}}